{"id":1124,"date":"2018-08-29T14:09:08","date_gmt":"2018-08-29T12:09:08","guid":{"rendered":"http:\/\/bisbalmec.com\/proyectos-reformas-y-restauracion\/"},"modified":"2019-05-27T17:54:34","modified_gmt":"2019-05-27T15:54:34","slug":"proyectos-reformas-y-restauracion","status":"publish","type":"page","link":"https:\/\/bisbalmec.com\/es\/proyectos-reformas-y-restauracion\/","title":{"rendered":"PROYECTOS, REFORMAS Y RESTAURACI\u00d3N"},"content":{"rendered":"\n<style type=\"text\/css\" data-created_by=\"avia_inline_auto\" id=\"style-css-av-jieuqlua-3c59fe8a4032ef8a79a96316d26d33a1\">\n.avia-section.av-jieuqlua-3c59fe8a4032ef8a79a96316d26d33a1{\nbackground-color:#f05a1a;\nbackground-image:unset;\n}\n<\/style>\n<div id='av_section_1'  class='avia-section av-jieuqlua-3c59fe8a4032ef8a79a96316d26d33a1 main_color avia-section-default avia-no-shadow  avia-builder-el-0  el_before_av_section  avia-builder-el-first  avia-bg-style-scroll container_wrap sidebar_right'  ><div class='container av-section-cont-open' ><main  role=\"main\" itemprop=\"mainContentOfPage\"  class='template-page content  av-content-small alpha units'><div class='post-entry post-entry-type-page post-entry-1124'><div class='entry-content-wrapper clearfix'>\n<div class='flex_column_table av-m8o9v-3f5cc588b2522f8dd68ba3ad5729edbc sc-av_one_full av-equal-height-column-flextable'>\n<style type=\"text\/css\" data-created_by=\"avia_inline_auto\" id=\"style-css-av-m8o9v-3f5cc588b2522f8dd68ba3ad5729edbc\">\n.flex_column.av-m8o9v-3f5cc588b2522f8dd68ba3ad5729edbc{\nborder-radius:0px 0px 0px 0px;\npadding:0px 0px 0px 0px;\n}\n<\/style>\n<div  class='flex_column av-m8o9v-3f5cc588b2522f8dd68ba3ad5729edbc av_one_full  avia-builder-el-1  avia-builder-el-no-sibling  first flex_column_table_cell av-equal-height-column av-align-middle av-zero-column-padding  '     ><style type=\"text\/css\" data-created_by=\"avia_inline_auto\" id=\"style-css-av-jig4nkyr-878da8f9a96dbd06a6420bde4107bf76\">\n#top .av-special-heading.av-jig4nkyr-878da8f9a96dbd06a6420bde4107bf76{\npadding-bottom:10px;\ncolor:#ffffff;\nfont-size:40px;\n}\nbody .av-special-heading.av-jig4nkyr-878da8f9a96dbd06a6420bde4107bf76 .av-special-heading-tag .heading-char{\nfont-size:25px;\n}\n#top #wrap_all .av-special-heading.av-jig4nkyr-878da8f9a96dbd06a6420bde4107bf76 .av-special-heading-tag{\nfont-size:40px;\n}\n.av-special-heading.av-jig4nkyr-878da8f9a96dbd06a6420bde4107bf76 .special-heading-inner-border{\nborder-color:#ffffff;\n}\n.av-special-heading.av-jig4nkyr-878da8f9a96dbd06a6420bde4107bf76 .av-subheading{\nfont-size:15px;\n}\n\n@media only screen and (min-width: 480px) and (max-width: 767px){ \n#top #wrap_all .av-special-heading.av-jig4nkyr-878da8f9a96dbd06a6420bde4107bf76 .av-special-heading-tag{\nfont-size:0.8em;\n}\n}\n\n@media only screen and (max-width: 479px){ \n#top #wrap_all .av-special-heading.av-jig4nkyr-878da8f9a96dbd06a6420bde4107bf76 .av-special-heading-tag{\nfont-size:0.8em;\n}\n}\n<\/style>\n<div  class='av-special-heading av-jig4nkyr-878da8f9a96dbd06a6420bde4107bf76 av-special-heading-h3 custom-color-heading blockquote modern-quote modern-centered  avia-builder-el-2  avia-builder-el-no-sibling  av-inherit-size'><h3 class='av-special-heading-tag '  itemprop=\"headline\"  >Proyectos, reformas y restauraci\u00f3n<\/h3><div class=\"special-heading-border\"><div class=\"special-heading-inner-border\"><\/div><\/div><\/div><\/div><\/div><!--close column table wrapper. Autoclose: 1 -->\n\n<\/div><\/div><\/main><!-- close content main element --><\/div><\/div><div id='av_section_2'  class='avia-section av-ern37-3fa054d4140f1ad0d1a034d79095b2a4 main_color avia-section-default avia-no-border-styling  avia-builder-el-3  el_after_av_section  el_before_av_masonry_entries  avia-bg-style-scroll container_wrap sidebar_right'  ><div class='container av-section-cont-open' ><div class='template-page content  av-content-small alpha units'><div class='post-entry post-entry-type-page post-entry-1124'><div class='entry-content-wrapper clearfix'>\n\n<style type=\"text\/css\" data-created_by=\"avia_inline_auto\" id=\"style-css-av-agjr7-6f44061513a181ebe6467ef8fe0d24a0\">\n.flex_column.av-agjr7-6f44061513a181ebe6467ef8fe0d24a0{\nborder-radius:0px 0px 0px 0px;\npadding:0px 0px 0px 0px;\n}\n<\/style>\n<div  class='flex_column av-agjr7-6f44061513a181ebe6467ef8fe0d24a0 av_one_fifth  avia-builder-el-4  el_before_av_three_fifth  avia-builder-el-first  first flex_column_div av-zero-column-padding  '     ><\/div>\n<style type=\"text\/css\" data-created_by=\"avia_inline_auto\" id=\"style-css-av-agjr7-b8635fb019d2e04004e25b2087060236\">\n.flex_column.av-agjr7-b8635fb019d2e04004e25b2087060236{\nborder-radius:0px 0px 0px 0px;\npadding:0px 0px 0px 0px;\n}\n<\/style>\n<div  class='flex_column av-agjr7-b8635fb019d2e04004e25b2087060236 av_three_fifth  avia-builder-el-5  el_after_av_one_fifth  el_before_av_one_fifth  flex_column_div av-zero-column-padding  '     ><section  class='av_textblock_section av-jieuvv1s-bbe5894ec9e47d52acc10f9872b978ce '   itemscope=\"itemscope\" itemtype=\"https:\/\/schema.org\/CreativeWork\" ><div class='avia_textblock'  itemprop=\"text\" ><p>Nos encargamos de hacer realidad proyectos as\u00ed como de realizar reformas, restauraci\u00f3n y modernizaci\u00f3n de maquinaria industrial. Esto incluye tanto los trabajos de estudio y dise\u00f1o, como la vertiente estructural, el mecanizado, la sustituci\u00f3n de piezas, fabricaci\u00f3n y programaci\u00f3n de automatismos, como la secci\u00f3n hidr\u00e1ulica y neum\u00e1tica.<\/p>\n<p>\u00bfCrees que tu m\u00e1quina es un hierro viejo para tirar? Pres\u00e9ntanos tu idea y nosotros buscaremos la mejor manera de llevarla a cabo, a veces una buena rehabilitaci\u00f3n puede hacerte ahorrar mucho dinero.<\/p>\n<p>Aqu\u00ed podr\u00e1n ver algunos de los \u00faltimos trabajos realizados:<\/p>\n<\/div><\/section><\/div>\n<style type=\"text\/css\" data-created_by=\"avia_inline_auto\" id=\"style-css-av-agjr7-b8635fb019d2e04004e25b2087060236\">\n.flex_column.av-agjr7-b8635fb019d2e04004e25b2087060236{\nborder-radius:0px 0px 0px 0px;\npadding:0px 0px 0px 0px;\n}\n<\/style>\n<div  class='flex_column av-agjr7-b8635fb019d2e04004e25b2087060236 av_one_fifth  avia-builder-el-7  el_after_av_three_fifth  avia-builder-el-last  flex_column_div av-zero-column-padding  '     ><\/div>\n\n<div id='av-masonry-1' class='av-masonry av-jig6imgh-53e7baaa92053790d775ee9156172cbb noHover av-fixed-size av-large-gap av-hover-overlay-active av-masonry-animation-active av-masonry-col-flexible av-caption-always av-caption-style-overlay av-masonry-entries ' data-post_id=\"1124\"><div class=\"av-masonry-container isotope av-js-disabled\"><div class='av-masonry-entry isotope-item av-masonry-item-no-image '><\/div><a href=\"https:\/\/bisbalmec.com\/es\/portfolio-item\/fabricacion-campanas-y-adaptacion-sistema-aspiracion\/\"  id='av-masonry-1-item-1126' data-av-masonry-item='1126' class='av-masonry-entry isotope-item post-1126 portfolio type-portfolio status-publish has-post-thumbnail hentry portfolio_entries-proyectos  av-masonry-item-with-image' title=\"WP_20170801_006\"   itemscope=\"itemscope\" itemtype=\"https:\/\/schema.org\/CreativeWork\" ><div class='av-inner-masonry-sizer'><\/div><figure class='av-inner-masonry main_color'><div class=\"av-masonry-outerimage-container\"><div class='av-masonry-image-container' style=\"background-image: url(https:\/\/bisbalmec.com\/wp-content\/uploads\/2018\/06\/WP_20170801_006-705x396.jpg);\"  title=\"WP_20170801_006\" ><\/div><\/div><figcaption class='av-inner-masonry-content site-background'><div class='av-inner-masonry-content-pos'><div class='av-inner-masonry-content-pos-content'><div class='avia-arrow'><\/div><h3 class='av-masonry-entry-title entry-title '  itemprop=\"headline\" >Fabricaci\u00f3n campanas y adaptaci\u00f3n sistema aspiraci\u00f3n<\/h3><\/div><\/div><\/figcaption><\/figure><\/a><!--end av-masonry entry--><a href=\"https:\/\/bisbalmec.com\/es\/portfolio-item\/fabricacion-y-adaptacion-molador-puntas-inoxidable\/\"  id='av-masonry-1-item-1127' data-av-masonry-item='1127' class='av-masonry-entry isotope-item post-1127 portfolio type-portfolio status-publish has-post-thumbnail hentry portfolio_entries-proyectos  av-masonry-item-with-image' title=\"WP_20180208_010\"   itemscope=\"itemscope\" itemtype=\"https:\/\/schema.org\/CreativeWork\" ><div class='av-inner-masonry-sizer'><\/div><figure class='av-inner-masonry main_color'><div class=\"av-masonry-outerimage-container\"><div class='av-masonry-image-container' style=\"background-image: url(https:\/\/bisbalmec.com\/wp-content\/uploads\/2018\/06\/WP_20180208_010-705x396.jpg);\"  title=\"WP_20180208_010\" ><\/div><\/div><figcaption class='av-inner-masonry-content site-background'><div class='av-inner-masonry-content-pos'><div class='av-inner-masonry-content-pos-content'><div class='avia-arrow'><\/div><h3 class='av-masonry-entry-title entry-title '  itemprop=\"headline\" >Fabricaci\u00f3n y adaptaci\u00f3n molador puntas inoxidable<\/h3><\/div><\/div><\/figcaption><\/figure><\/a><!--end av-masonry entry--><a href=\"https:\/\/bisbalmec.com\/es\/portfolio-item\/fabricacion-rectificador-de-molas\/\"  id='av-masonry-1-item-1128' data-av-masonry-item='1128' class='av-masonry-entry isotope-item post-1128 portfolio type-portfolio status-publish has-post-thumbnail hentry portfolio_entries-proyectos  av-masonry-item-with-image' title=\"WP_20180328_001\"   itemscope=\"itemscope\" itemtype=\"https:\/\/schema.org\/CreativeWork\" ><div class='av-inner-masonry-sizer'><\/div><figure class='av-inner-masonry main_color'><div class=\"av-masonry-outerimage-container\"><div class='av-masonry-image-container' style=\"background-image: url(https:\/\/bisbalmec.com\/wp-content\/uploads\/2018\/06\/WP_20180328_001-705x396.jpg);\"  title=\"WP_20180328_001\" ><\/div><\/div><figcaption class='av-inner-masonry-content site-background'><div class='av-inner-masonry-content-pos'><div class='av-inner-masonry-content-pos-content'><div class='avia-arrow'><\/div><h3 class='av-masonry-entry-title entry-title '  itemprop=\"headline\" >Fabricaci\u00f3n rectificador de molas<\/h3><\/div><\/div><\/figcaption><\/figure><\/a><!--end av-masonry entry--><a href=\"https:\/\/bisbalmec.com\/es\/portfolio-item\/reforma-y-modernizacion-roller-500\/\"  id='av-masonry-1-item-1129' data-av-masonry-item='1129' class='av-masonry-entry isotope-item post-1129 portfolio type-portfolio status-publish has-post-thumbnail hentry portfolio_entries-proyectos  av-masonry-item-with-image' title=\"WP_20171201_006\"   itemscope=\"itemscope\" itemtype=\"https:\/\/schema.org\/CreativeWork\" ><div class='av-inner-masonry-sizer'><\/div><figure class='av-inner-masonry main_color'><div class=\"av-masonry-outerimage-container\"><div class='av-masonry-image-container' style=\"background-image: url(https:\/\/bisbalmec.com\/wp-content\/uploads\/2018\/06\/WP_20171201_006-396x705.jpg);\"  title=\"WP_20171201_006\" ><\/div><\/div><figcaption class='av-inner-masonry-content site-background'><div class='av-inner-masonry-content-pos'><div class='av-inner-masonry-content-pos-content'><div class='avia-arrow'><\/div><h3 class='av-masonry-entry-title entry-title '  itemprop=\"headline\" >Reforma y modernizaci\u00f3n Roller 500<\/h3><\/div><\/div><\/figcaption><\/figure><\/a><!--end av-masonry entry--><a href=\"https:\/\/bisbalmec.com\/es\/portfolio-item\/fabricacion-pulidor-de-banda-doble\/\"  id='av-masonry-1-item-1130' data-av-masonry-item='1130' class='av-masonry-entry isotope-item post-1130 portfolio type-portfolio status-publish has-post-thumbnail hentry portfolio_entries-proyectos  av-masonry-item-with-image' title=\"WP_20180131_008\"   itemscope=\"itemscope\" itemtype=\"https:\/\/schema.org\/CreativeWork\" ><div class='av-inner-masonry-sizer'><\/div><figure class='av-inner-masonry main_color'><div class=\"av-masonry-outerimage-container\"><div class='av-masonry-image-container' style=\"background-image: url(https:\/\/bisbalmec.com\/wp-content\/uploads\/2018\/06\/WP_20180131_008-705x396.jpg);\"  title=\"WP_20180131_008\" ><\/div><\/div><figcaption class='av-inner-masonry-content site-background'><div class='av-inner-masonry-content-pos'><div class='av-inner-masonry-content-pos-content'><div class='avia-arrow'><\/div><h3 class='av-masonry-entry-title entry-title '  itemprop=\"headline\" >Fabricaci\u00f3n pulidor de banda doble<\/h3><\/div><\/div><\/figcaption><\/figure><\/a><!--end av-masonry entry--><a href=\"https:\/\/bisbalmec.com\/es\/portfolio-item\/pulidor-de-banda-de-inoxidable\/\"  id='av-masonry-1-item-1131' data-av-masonry-item='1131' class='av-masonry-entry isotope-item post-1131 portfolio type-portfolio status-publish has-post-thumbnail hentry portfolio_entries-proyectos  av-masonry-item-with-image' title=\"WP_20171114_007\"   itemscope=\"itemscope\" itemtype=\"https:\/\/schema.org\/CreativeWork\" ><div class='av-inner-masonry-sizer'><\/div><figure class='av-inner-masonry main_color'><div class=\"av-masonry-outerimage-container\"><div class='av-masonry-image-container' style=\"background-image: url(https:\/\/bisbalmec.com\/wp-content\/uploads\/2018\/06\/WP_20171114_007-396x705.jpg);\"  title=\"WP_20171114_007\" ><\/div><\/div><figcaption class='av-inner-masonry-content site-background'><div class='av-inner-masonry-content-pos'><div class='av-inner-masonry-content-pos-content'><div class='avia-arrow'><\/div><h3 class='av-masonry-entry-title entry-title '  itemprop=\"headline\" >Pulidor de banda de inoxidable<\/h3><\/div><\/div><\/figcaption><\/figure><\/a><!--end av-masonry entry--><a href=\"https:\/\/bisbalmec.com\/es\/portfolio-item\/restauracion-completa-cortador-de-barro\/\"  id='av-masonry-1-item-1132' data-av-masonry-item='1132' class='av-masonry-entry isotope-item post-1132 portfolio type-portfolio status-publish has-post-thumbnail hentry portfolio_entries-proyectos  av-masonry-item-with-image' title=\"IMG-20171009-WA0026\"   itemscope=\"itemscope\" itemtype=\"https:\/\/schema.org\/CreativeWork\" ><div class='av-inner-masonry-sizer'><\/div><figure class='av-inner-masonry main_color'><div class=\"av-masonry-outerimage-container\"><div class='av-masonry-image-container' style=\"background-image: url(https:\/\/bisbalmec.com\/wp-content\/uploads\/2018\/06\/IMG-20171009-WA0026-705x529.jpg);\"  title=\"IMG-20171009-WA0026\" ><\/div><\/div><figcaption class='av-inner-masonry-content site-background'><div class='av-inner-masonry-content-pos'><div class='av-inner-masonry-content-pos-content'><div class='avia-arrow'><\/div><h3 class='av-masonry-entry-title entry-title '  itemprop=\"headline\" >Restauraci\u00f3n completa cortador de barro<\/h3><\/div><\/div><\/figcaption><\/figure><\/a><!--end av-masonry entry--><a href=\"https:\/\/bisbalmec.com\/es\/portfolio-item\/reforma-integral-roller-700\/\"  id='av-masonry-1-item-1133' data-av-masonry-item='1133' class='av-masonry-entry isotope-item post-1133 portfolio type-portfolio status-publish has-post-thumbnail hentry portfolio_entries-proyectos  av-masonry-item-with-image' title=\"WP_20180719_010\"   itemscope=\"itemscope\" itemtype=\"https:\/\/schema.org\/CreativeWork\" ><div class='av-inner-masonry-sizer'><\/div><figure class='av-inner-masonry main_color'><div class=\"av-masonry-outerimage-container\"><div class='av-masonry-image-container' style=\"background-image: url(https:\/\/bisbalmec.com\/wp-content\/uploads\/2018\/08\/WP_20180719_010-396x705.jpg);\"  title=\"WP_20180719_010\" ><\/div><\/div><figcaption class='av-inner-masonry-content site-background'><div class='av-inner-masonry-content-pos'><div class='av-inner-masonry-content-pos-content'><div class='avia-arrow'><\/div><h3 class='av-masonry-entry-title entry-title '  itemprop=\"headline\" >Reforma integral Roller 700<\/h3><\/div><\/div><\/figcaption><\/figure><\/a><!--end av-masonry entry--><a href=\"https:\/\/bisbalmec.com\/es\/portfolio-item\/fabricacion-de-prensa-doble-para-troquelar-y-hacer-regatas\/\"  id='av-masonry-1-item-1134' data-av-masonry-item='1134' class='av-masonry-entry isotope-item post-1134 portfolio type-portfolio status-publish has-post-thumbnail hentry portfolio_entries-proyectos  av-masonry-item-with-image' title=\"WP_20180308_005\"   itemscope=\"itemscope\" itemtype=\"https:\/\/schema.org\/CreativeWork\" ><div class='av-inner-masonry-sizer'><\/div><figure class='av-inner-masonry main_color'><div class=\"av-masonry-outerimage-container\"><div class='av-masonry-image-container' style=\"background-image: url(https:\/\/bisbalmec.com\/wp-content\/uploads\/2018\/08\/WP_20180308_005-396x705.jpg);\"  title=\"WP_20180308_005\" ><\/div><\/div><figcaption class='av-inner-masonry-content site-background'><div class='av-inner-masonry-content-pos'><div class='av-inner-masonry-content-pos-content'><div class='avia-arrow'><\/div><h3 class='av-masonry-entry-title entry-title '  itemprop=\"headline\" >Fabricaci\u00f3n de prensa doble para troquelar y hacer regatas<\/h3><\/div><\/div><\/figcaption><\/figure><\/a><!--end av-masonry entry--><\/div><\/div>\n","protected":false},"excerpt":{"rendered":"","protected":false},"author":1,"featured_media":0,"parent":0,"menu_order":0,"comment_status":"closed","ping_status":"closed","template":"","meta":{"footnotes":""},"class_list":["post-1124","page","type-page","status-publish","hentry"],"_links":{"self":[{"href":"https:\/\/bisbalmec.com\/es\/wp-json\/wp\/v2\/pages\/1124","targetHints":{"allow":["GET"]}}],"collection":[{"href":"https:\/\/bisbalmec.com\/es\/wp-json\/wp\/v2\/pages"}],"about":[{"href":"https:\/\/bisbalmec.com\/es\/wp-json\/wp\/v2\/types\/page"}],"author":[{"embeddable":true,"href":"https:\/\/bisbalmec.com\/es\/wp-json\/wp\/v2\/users\/1"}],"replies":[{"embeddable":true,"href":"https:\/\/bisbalmec.com\/es\/wp-json\/wp\/v2\/comments?post=1124"}],"version-history":[{"count":3,"href":"https:\/\/bisbalmec.com\/es\/wp-json\/wp\/v2\/pages\/1124\/revisions"}],"predecessor-version":[{"id":1438,"href":"https:\/\/bisbalmec.com\/es\/wp-json\/wp\/v2\/pages\/1124\/revisions\/1438"}],"wp:attachment":[{"href":"https:\/\/bisbalmec.com\/es\/wp-json\/wp\/v2\/media?parent=1124"}],"curies":[{"name":"wp","href":"https:\/\/api.w.org\/{rel}","templated":true}]}}