{"id":1168,"date":"2018-09-28T17:17:47","date_gmt":"2018-09-28T15:17:47","guid":{"rendered":"http:\/\/bisbalmec.com\/politica-de-cookies\/"},"modified":"2018-09-28T17:17:47","modified_gmt":"2018-09-28T15:17:47","slug":"politica-de-cookies","status":"publish","type":"page","link":"https:\/\/bisbalmec.com\/es\/politica-de-cookies\/","title":{"rendered":"Pol\u00edtica de Cookies"},"content":{"rendered":"<p>Una cookie es un archivo de texto que se almacena en el ordenador o dispositivo m\u00f3vil mediante un servidor Web y tan solo ese servidor ser\u00e1 capaz de recuperar o leer el contenido de la cookie y permiten al Sitio Web recordar preferencias de navegaci\u00f3n y navegar de manera eficiente. Las cookies hacen la interacci\u00f3n entre el usuario y el sitio Web m\u00e1s r\u00e1pida y f\u00e1cil.<\/p>\n<p><strong>Informaci\u00f3n General<\/strong><\/p>\n<p>Est\u00e1 p\u00e1gina Web utiliza cookies. Las cookies son peque\u00f1os archivos de texto generados por las p\u00e1ginas web que usted visita, las cuales contienen los datos de sesi\u00f3n que pueden ser de utilidad m\u00e1s adelante en la p\u00e1gina web. De esta forma esta Web recuerda informaci\u00f3n sobre su visita, lo que puede facilitar su pr\u00f3xima visita y hacer que el sitio Web le resulte m\u00e1s \u00fatil.<\/p>\n<p><strong>\u00bfC\u00f3mo funcionan las Cookies?<\/strong><\/p>\n<p>Las cookies s\u00f3lo pueden almacenar texto, por lo general siempre es an\u00f3nimo y cifrado. No se almacenar\u00e1n informaci\u00f3n personal alguna en una cookie, ni pueden asociarse a persona identificada o identificable.<\/p>\n<p>Los datos permiten que esta Web pueda mantener su informaci\u00f3n entre las p\u00e1ginas, y tambi\u00e9n para analizar la forma de interactuar con el sitio Web. Las cookies son seguras ya que s\u00f3lo pueden almacenar la informaci\u00f3n que se puso en su lugar por el navegador, lo que es informaci\u00f3n que el usuario ha introducido en el navegador o la que se incluye en la solicitud de p\u00e1gina. No puede ejecutar el c\u00f3digo y no se puede utilizar para acceder a su ordenador. Si una p\u00e1gina web cifra la informaci\u00f3n de la cookie, s\u00f3lo la p\u00e1gina web puede leer la informaci\u00f3n.<\/p>\n<h3>\u00bfQu\u00e9 tipos de cookies utilizamos?<\/h3>\n<p>Las cookies que utiliza esta p\u00e1gina Web se pueden distinguir seg\u00fan los siguientes criterios:<\/p>\n<p><strong>1. Tipos de cookies seg\u00fan la entidad que las gestiona :<\/strong><\/p>\n<p>Seg\u00fan quien sea la entidad que gestione el equipo o dominio desde donde se env\u00edan las cookies y trate los datos que se obtengan, podemos distinguir:<\/p>\n<ul>\n<li>Cookies propias : Son aqu\u00e9llas que se env\u00edan al equipo terminal del usuario desde un equipo o dominio gestionado por el propio editor y desde el que se presta el servicio solicitado por el usuario.<\/li>\n<li>Cookies de terceros : Son aqu\u00e9llas que se env\u00edan al equipo terminal del usuario desde un equipo o dominio que no es gestionado por el editor, sino por otra entidad que trata los datos obtenidos trav\u00e9s de las cookies.<\/li>\n<\/ul>\n<p>En el caso de que las cookies sean instaladas desde un equipo o dominio gestionado por el propio editor pero la informaci\u00f3n que se recoja mediante \u00e9stas sea gestionada por un tercero, no pueden ser consideradas como cookies propias.<\/p>\n<p><strong>2. Tipos de cookies seg\u00fan el plazo de tiempo que permanecen activadas:<\/strong><\/p>\n<p>Seg\u00fan el plazo de tiempo que permanecen activadas en el equipo terminal podemos distinguir:<\/p>\n<ul>\n<li>Cookies de sesi\u00f3n : Son un tipo de cookies dise\u00f1adas para recabar y almacenar datos mientras el usuario accede a una p\u00e1gina web. Se suelen emplear para almacenar informaci\u00f3n que solo interesa conservar para la prestaci\u00f3n del servicio solicitado por el usuario en una sola ocasi\u00f3n (p.e. una lista de productos adquiridos).<\/li>\n<li>Cookies persistentes : Son un tipo de cookies en el que los datos siguen almacenados en el terminal y pueden ser accedidos y tratados durante un periodo definido por el responsable de la cookie, y que puede ir de unos minutos a varios a\u00f1os.<\/li>\n<\/ul>\n<p><strong>3. Tipos de cookies seg\u00fan su finalidad:<\/strong><\/p>\n<p>Seg\u00fan la finalidad para la que se traten los datos obtenidos a trav\u00e9s de las cookies, podemos distinguir entre:<\/p>\n<ul>\n<li>Cookies t\u00e9cnicas : Son aqu\u00e9llas que permiten al usuario la navegaci\u00f3n a trav\u00e9s de una p\u00e1gina web, plataforma o aplicaci\u00f3n y la utilizaci\u00f3n de las diferentes opciones o servicios que en ella existan como, por ejemplo, controlar el tr\u00e1fico y la comunicaci\u00f3n de datos, identificar la sesi\u00f3n, acceder a partes de acceso restringido, recordar los elementos que integran un pedido, realizar el proceso de compra de un pedido, realizar la solicitud de inscripci\u00f3n o participaci\u00f3n en un evento, utilizar elementos de seguridad durante la navegaci\u00f3n, almacenar contenidos para la difusi\u00f3n de v\u00eddeos o sonido o compartir contenidos a trav\u00e9s de redes sociales.<\/li>\n<li>Cookies de personalizaci\u00f3n: Son aqu\u00e9llas que permiten al usuario acceder al servicio con algunas caracter\u00edsticas de car\u00e1cter general predefinidas en funci\u00f3n de una serie de criterios en el terminal del usuario como por ejemplo serian el idioma, el tipo de navegador a trav\u00e9s del cual accede al servicio, la configuraci\u00f3n regional desde donde accede al servicio, etc.<\/li>\n<li>Cookies de an\u00e1lisis: Son aqu\u00e9llas que permiten al responsable de las mismas, el seguimiento y an\u00e1lisis del comportamiento de los usuarios de los sitios web a los que est\u00e1n vinculadas. La informaci\u00f3n recogida mediante este tipo de cookies se utiliza en la medici\u00f3n de la actividad de los sitios web, aplicaci\u00f3n o plataforma y para la elaboraci\u00f3n de perfiles de navegaci\u00f3n de los usuarios de dichos sitios, aplicaciones y plataformas, con el fin de introducir mejoras en funci\u00f3n del an\u00e1lisis de los datos de uso que hacen los usuarios del servicio.<\/li>\n<\/ul>\n<h3>Herramienta de Gesti\u00f3n de las Cookies<\/h3>\n<p>Est\u00e1 p\u00e1gina Web utiliza Google Analytics.<\/p>\n<p>Google Analytics es una herramienta gratuita de an\u00e1lisis web de Google que principalmente permite que los propietarios de sitios web conozcan c\u00f3mo interact\u00faan los usuarios con su sitio web. Asimismo, habilita cookies en el dominio del sitio en el que te encuentras y utiliza un conjunto de cookies denominadas \u201c__utma\u201d y \u201c__utmz\u201d para recopilar informaci\u00f3n<strong> de forma an\u00f3nima <\/strong>y elaborar informes de tendencias de sitios web <strong>sin identificar a usuarios individuales.<\/strong><\/p>\n<p>Para realizar las estad\u00edsticas de uso de esta Web utilizamos las cookies con la finalidad de conocer el nivel de recurrencia de nuestros visitantes y los contenidos que resultan m\u00e1s interesantes. De esta manera podemos concentrar nuestros esfuerzos en mejorar las \u00e1reas m\u00e1s visitadas y hacer que el usuario encuentre m\u00e1s f\u00e1cilmente lo que busca. En esta Web puede utilizarse la informaci\u00f3n de su visita para realizar evaluaciones y c\u00e1lculos estad\u00edsticos sobre datos an\u00f3nimos, as\u00ed como para garantizar la continuidad del servicio o para realizar mejoras en sus sitios Web. Para m\u00e1s detalles, consulte en el siguiente enlace la pol\u00edtica de privacidad [<a href=\"http:\/\/www.google.com\/intl\/es\/policies\/privacy\/\">http:\/\/www.google.com\/intl\/es\/policies\/privacy\/<\/a>]<\/p>\n<h3>C\u00f3mo gestionar las Cookies en su equipo: la desactivaci\u00f3n y eliminaci\u00f3n de las cookies<\/h3>\n<p>Todos los navegadores de Internet le permiten limitar el comportamiento de una cookie o desactivar las cookies dentro de la configuraci\u00f3n o las opciones del navegador. Los pasos para hacerlo son diferentes para cada navegador, se pueden encontrar instrucciones en el men\u00fa de ayuda de su navegador.<\/p>\n<p>Si no acepta el uso de las cookies, ya que es posible gracias a los men\u00fas de preferencias o ajustes de su navegador, rechazarlas, este sitio Web seguir\u00e1 funcionando adecuadamente sin el uso de las mismas.<\/p>\n<p>Puede usted permitir, bloquear o eliminar las cookies instaladas en su equipo mediante la configuraci\u00f3n de las opciones del navegador instalado en su ordenador:<\/p>\n<ul>\n<li>Para m\u00e1s informaci\u00f3n sobre<strong> Internet Explorer<\/strong> <a href=\"http:\/\/windows.microsoft.com\/es-es\/windows7\/how-to-manage-cookies-in-internet-explorer-9\">pulse aqu\u00ed<\/a> o como bloquear, habilitar o permitir las cookies <a href=\"http:\/\/windows.microsoft.com\/es-es\/windows7\/how-to-manage-cookies-in-internet-explorer-9\">pulse aqu\u00ed<\/a>.<\/li>\n<li>Para m\u00e1s informaci\u00f3n sobre <strong>Chrome<\/strong> <a href=\"https:\/\/support.google.com\/chrome\/answer\/95647?hl=es\">pulse aqu\u00ed<\/a>.<\/li>\n<li>Para m\u00e1s informaci\u00f3n sobre <strong>Safari <\/strong><a href=\"http:\/\/support.apple.com\/kb\/HT1677?viewlocale=es_ES&amp;locale=es_ES\">pulse aqu\u00ed.<\/a><\/li>\n<li>Para m\u00e1s informaci\u00f3n sobre <strong>Firefox <\/strong><a href=\"http:\/\/support.mozilla.org\/es\/kb\/habilitar-y-deshabilitar-cookies-que-los-sitios-we\">pulse aqu\u00ed.<\/a><\/li>\n<\/ul>\n<p>A trav\u00e9s de su navegador, usted tambi\u00e9n puede ver las cookies que est\u00e1n en su ordenador, y borrarlas seg\u00fan crea conveniente. Las cookies son archivos de texto, los puede abrir y leer el contenido. Los datos dentro de ellos casi siempre est\u00e1 cifrado con una clave num\u00e9rica que corresponde a una sesi\u00f3n en Internet por lo que muchas veces no tiene sentido m\u00e1s all\u00e1 que la p\u00e1gina web que lo escribi\u00f3.<\/p>\n<h3>Consentimiento informado<\/h3>\n<p>La utilizaci\u00f3n de la presente p\u00e1gina Web por su parte, implica que <strong>Vd. presta su consentimiento expreso e inequ\u00edvoco a la utilizaci\u00f3n de cookies, en los t\u00e9rminos y condiciones previstos en esta Pol\u00edtica de Cookies<\/strong>, sin perjuicio de las medidas de desactivaci\u00f3n y eliminaci\u00f3n de las cookies que Vd. pueda adoptar, y que se mencionan en el apartado anterior.<\/p>\n","protected":false},"excerpt":{"rendered":"<p>Una cookie es un archivo de texto que se almacena en el ordenador o dispositivo m\u00f3vil mediante un servidor Web y tan solo ese servidor ser\u00e1 capaz de recuperar o leer el contenido de la cookie y permiten al Sitio Web recordar preferencias de navegaci\u00f3n y navegar de manera eficiente. Las cookies hacen la interacci\u00f3n [&hellip;]<\/p>\n","protected":false},"author":1,"featured_media":0,"parent":0,"menu_order":0,"comment_status":"closed","ping_status":"closed","template":"","meta":{"footnotes":""},"class_list":["post-1168","page","type-page","status-publish","hentry"],"_links":{"self":[{"href":"https:\/\/bisbalmec.com\/es\/wp-json\/wp\/v2\/pages\/1168","targetHints":{"allow":["GET"]}}],"collection":[{"href":"https:\/\/bisbalmec.com\/es\/wp-json\/wp\/v2\/pages"}],"about":[{"href":"https:\/\/bisbalmec.com\/es\/wp-json\/wp\/v2\/types\/page"}],"author":[{"embeddable":true,"href":"https:\/\/bisbalmec.com\/es\/wp-json\/wp\/v2\/users\/1"}],"replies":[{"embeddable":true,"href":"https:\/\/bisbalmec.com\/es\/wp-json\/wp\/v2\/comments?post=1168"}],"version-history":[{"count":0,"href":"https:\/\/bisbalmec.com\/es\/wp-json\/wp\/v2\/pages\/1168\/revisions"}],"wp:attachment":[{"href":"https:\/\/bisbalmec.com\/es\/wp-json\/wp\/v2\/media?parent=1168"}],"curies":[{"name":"wp","href":"https:\/\/api.w.org\/{rel}","templated":true}]}}